{"id":5459,"date":"2026-04-26T17:15:00","date_gmt":"2026-04-26T15:15:00","guid":{"rendered":"https:\/\/tutustudio.es\/?page_id=5459"},"modified":"2026-04-26T18:16:18","modified_gmt":"2026-04-26T16:16:18","slug":"reservas-bcn","status":"publish","type":"page","link":"https:\/\/tutustudio.es\/en\/reservas-bcn\/","title":{"rendered":"Choose your moment, create your piece"},"content":{"rendered":"<style>\n:root{--paper:#fffaf4;--line:#e7d8c8;--text:#3e342c;--muted:#7e7166}\n*{box-sizing:border-box}\n.wrap{max-width:1180px;margin:0 auto;padding:82px 24px 0}\n.page-head{padding:10px 0 6px}\n.page-head h2{margin:0 0 3px;font-size:38px;line-height:1.05;letter-spacing:-.02em;color:var(--text)}\n.page-head p{margin:0 0 7px;color:var(--muted);font-size:14px;line-height:1.6;max-width:560px}\n.facts{display:flex;flex-wrap:wrap;gap:4px}\n.fact{padding:2px 8px;border-radius:999px;border:1px solid #ede3d8;color:#c0ae9c;font-size:10.5px;letter-spacing:.01em;background:#fffcf9}\n.bookly-zone{background:#fff;border:1px solid #ede1d4;border-radius:20px;overflow:visible;box-shadow:0 3px 18px rgba(62,52,44,.06),0 1px 4px rgba(62,52,44,.04);margin:10px 0 20px}\n.bookly-zone .bookly-css-root,.bookly-zone .bookly-form{max-width:100%!important;width:100%!important}\n.bookly-progress-tracker{padding:16px 24px 0!important;border-bottom:1px solid #f2ebe3!important}\n.bookly-progress-tracker>div{font-size:10px!important;letter-spacing:.05em!important;text-transform:uppercase!important;color:#c8b9a8!important;font-weight:500!important;padding-bottom:10px!important}\n.bookly-progress-tracker>div.active{color:#3e342c!important;font-weight:700!important}\n.bookly-progress-tracker>div .step{background:#e8ddd0!important;height:2px!important;margin-top:8px!important;border-radius:2px!important}\n.bookly-progress-tracker>div.active .step{background:#3e342c!important}\n.bookly-box{padding:16px 24px 20px!important;min-height:unset!important}\n.bookly-zone label{font-size:11px!important;font-weight:600!important;color:#a09080!important;letter-spacing:.05em!important;text-transform:uppercase!important;margin-bottom:5px!important}\n.bookly-zone select,.bookly-zone input[type=text],.bookly-zone input[type=email],.bookly-zone input[type=tel],.bookly-zone textarea{border:1px solid #e0d4c4!important;border-radius:10px!important;font-size:14px!important;color:#3e342c!important;background:#fffdf9!important;padding:9px 13px!important}\n.bookly-zone .iti,.bookly-zone .intl-tel-input{width:100%!important;display:block!important}\n.bookly-zone .iti input[type=tel],.bookly-zone .intl-tel-input input[type=tel]{padding-left:54px!important;padding-right:12px!important}\n.bookly-zone .iti--allow-dropdown input[type=tel],.bookly-zone .intl-tel-input.allow-dropdown input[type=tel]{padding-left:54px!important}\n.bookly-zone .iti__flag-container,.bookly-zone .flag-container{position:absolute!important;left:0!important;right:auto!important;top:0!important;bottom:0!important}\n.bookly-zone .iti__selected-flag,.bookly-zone .selected-flag{width:46px!important;justify-content:center!important}\n.bookly-btn.bookly-next-step,.bookly-btn.bookly-mobile-next-step,.bookly-btn.bookly-js-next-step,.bookly-btn.bookly-js-mobile-next-step,.bookly-btn.bookly-right:not(.bookly-left){background:#3e342c!important;color:#fff!important;border:none!important;border-radius:11px!important;font-size:13px!important;font-weight:700!important;letter-spacing:.07em!important;text-transform:uppercase!important;padding:13px 30px!important;min-height:48px!important;cursor:pointer!important;transition:background .18s!important}\n.bookly-btn.bookly-next-step:hover,.bookly-btn.bookly-mobile-next-step:hover,.bookly-btn.bookly-right:not(.bookly-left):hover{background:#2b201a!important}\n.size-ref{background:#fff;border:1px solid var(--line);border-radius:18px;padding:16px 20px;box-shadow:0 2px 8px rgba(0,0,0,.025);margin-bottom:16px}\n.size-ref-head{margin:0 0 12px}\n.size-ref-head h3{margin:0 0 2px;font-size:14px;color:var(--text);font-weight:600;letter-spacing:.01em}\n.size-ref-head p{margin:0;color:var(--muted);font-size:12px}\n.size-row{display:grid;grid-template-columns:repeat(5,minmax(0,1fr));gap:7px}\n.sc{border:1px solid #ede5da;border-radius:11px;overflow:hidden;background:#faf7f3;display:flex;flex-direction:column}\n.sc-img{aspect-ratio:4\/5;position:relative;overflow:hidden;background:#f2e9de}\n.sc-img img{position:absolute;inset:0;width:100%;height:100%;object-fit:cover;object-position:center}\n.sc.rec .sc-img{background:#f0e0cc}\n.sc-price{position:absolute;top:7px;right:7px;background:rgba(62,52,44,.82);color:#fff;font-size:8.5px;font-weight:700;padding:2px 6px;border-radius:999px;letter-spacing:.02em;z-index:1}\n.sc-badge{position:absolute;top:8px;left:8px;background:rgba(255,250,244,.93);color:#3e342c;font-size:9px;font-weight:600;padding:3px 8px;border-radius:999px;letter-spacing:.01em;z-index:2;border:1px solid rgba(62,52,44,.12)}\n.sc-body{padding:7px 8px 9px;text-align:center;flex:1;display:flex;flex-direction:column;justify-content:center}\n.sc-body strong{display:block;font-size:12.5px;font-weight:700;color:var(--text)}\n.closing{padding:10px 0 22px;color:var(--muted);font-size:12.5px;line-height:1.8;text-align:center;max-width:560px;margin:0 auto}\n#bookly-reservas{display:none!important}\n.rsv-help{margin:28px 0;display:none}\n.rsv-help-hd{text-align:center;margin-bottom:18px}\n.rsv-help-hd h3{font-size:17px;font-weight:700;color:var(--text);margin:0 0 4px}\n.rsv-help-hd p{font-size:13px;color:var(--muted);margin:0}\n.rsv-help-grid{display:grid;grid-template-columns:repeat(3,1fr);gap:14px}\n.rsv-card{background:#fff;border:1px solid #ede1d4;border-radius:14px;padding:20px 18px;display:flex;flex-direction:column}\n.rsv-card-icon{color:#3e342c;margin-bottom:10px}\n.rsv-label{font-size:10px;font-weight:600;text-transform:uppercase;letter-spacing:.06em;color:#c0ae9c;margin-bottom:6px}\n.rsv-card h4{font-size:15px;font-weight:700;color:var(--text);margin:0 0 6px}\n.rsv-card p{font-size:12.5px;color:var(--muted);line-height:1.6;margin:0 0 14px;flex:1}\n.rsv-btns{display:flex;gap:8px;flex-wrap:wrap}\n.rsv-btn{display:inline-block;padding:9px 18px;background:#3e342c;color:#fff;border-radius:9px;font-size:12px;font-weight:700;letter-spacing:.04em;text-transform:uppercase;text-decoration:none;text-align:center;transition:background .18s}\n.rsv-btn:hover{background:#2b201a;color:#fff}\n.rsv-btn-alt{background:#fff;color:#3e342c;border:1px solid #e0d4c4}\n.rsv-btn-alt:hover{background:#f5ede4;color:#3e342c}\n@media(max-width:760px){\n.rsv-help-grid{grid-template-columns:1fr}\n.rsv-help{margin:20px 0}\n}\n.bookly-form>div[style]>img[alt*=\"Cargando\"]{display:none!important}\n.powered-by-bookly{display:none!important}\n.page-id-5459 .bookly-box.bookly-bold{display:none!important}\n@media(max-width:1080px){.size-row{grid-template-columns:repeat(3,1fr)}}\n@media(max-width:760px){\n.wrap{padding:60px 14px 0}\n.page-head{padding:10px 0 6px}\n.page-head h2{font-size:26px}\n.bookly-zone{margin:8px 0 18px}\n.bookly-box{padding:14px 16px 18px!important}\n.bookly-progress-tracker{padding:12px 16px 0!important}\n.size-ref{padding:14px 16px;overflow:hidden}\n.size-row{display:flex;flex-wrap:nowrap;overflow-x:auto;scroll-snap-type:x mandatory;-webkit-overflow-scrolling:touch;gap:10px;padding:0 2px 10px;scrollbar-width:none}\n.size-row::-webkit-scrollbar{display:none}\n.sc{flex:0 0 72%;scroll-snap-align:start}\n.bookly-btn.bookly-next-step,.bookly-btn.bookly-mobile-next-step,.bookly-btn.bookly-js-mobile-next-step,.bookly-btn.bookly-right:not(.bookly-left){width:100%!important;padding:14px 20px!important;border-radius:10px!important}\n}\n@media(max-width:480px){.page-head h2{font-size:23px}.sc{flex:0 0 76%}}\n<\/style>\n<div class=\"wrap\">\n<div class=\"page-head\">\n<h2>Reserva tu sesi\u00f3n<\/h2>\n<p>Ciudad, tama\u00f1o y fecha.<\/p>\n<div class=\"facts\"><span class=\"fact\">Sin experiencia<\/span><span class=\"fact\">Material incluido<\/span><span class=\"fact\">Acabado por TUTU<\/span><\/div>\n<\/div>\n<div class=\"bookly-zone\"><!--\nPlugin Name: Bookly - Responsive WordPress Appointment Booking and Scheduling Plugin\nPlugin URI: https:\/\/www.booking-wp-plugin.com\/?utm_source=bookly_admin&utm_medium=plugins_page&utm_campaign=plugins_page\nVersion: 27.2-->\n<style type=\"text\/css\">\n    :root {\n        --bookly-main-color: #350000 !important;\n        --bookly-color: #350000 !important;\n    }\n\n        \/* Hide the filter block above the calendar *\/\n.bookly-css-root .bookly-available-date,\n.bookly-css-root .bookly-week-days,\n.bookly-css-root .bookly-time-range {\n  display: none !important;\n}    <\/style><div class=\"bookly-css-root\">\n    <div id=\"bookly-form-container-69f22434ae194\" class=\"bookly-form\" data-form_id=\"\" aria-live=\"polite\">\n        <div style=\"text-align: center\"><img decoding=\"async\" src=\"https:\/\/tutustudio.es\/wp-includes\/js\/tinymce\/skins\/lightgray\/img\/loader.gif\" alt=\"Loading...\" title=\"\"><\/div>\n    <\/div>\n<\/div>\n<script type=\"text\/javascript\">\n    (function (win, fn) {\n        var done = false, top = true,\n            doc = win.document,\n            root = doc.documentElement,\n            modern = doc.addEventListener,\n            add = modern ? 'addEventListener' : 'attachEvent',\n            rem = modern ? 'removeEventListener' : 'detachEvent',\n            pre = modern ? '' : 'on',\n            init = function (e) {\n                if (e.type == 'readystatechange') if (doc.readyState != 'complete') return;\n                (e.type == 'load' ? win : doc)[rem](pre + e.type, init, false);\n                if (!done) {\n                    done = true;\n                    fn.call(win, e.type || e);\n                }\n            },\n            poll = function () {\n                try {\n                    root.doScroll('left');\n                } catch (e) {\n                    setTimeout(poll, 50);\n                    return;\n                }\n                init('poll');\n            };\n        if (doc.readyState == 'complete') fn.call(win, 'lazy');\n        else {\n            if (!modern) if (root.doScroll) {\n                try {\n                    top = !win.frameElement;\n                } catch (e) {\n                }\n                if (top) poll();\n            }\n            doc[add](pre + 'DOMContentLoaded', init, false);\n            doc[add](pre + 'readystatechange', init, false);\n            win[add](pre + 'load', init, false);\n        }\n    })(window, function () {\n        window.bookly( {\"form_id\":\"69f22434ae194\",\"form_data\":{\"skip_service_step\":0,\"hide_service_part1\":0,\"hide_service_part2\":0,\"defaults\":{\"service_id\":0,\"staff_id\":0,\"location_id\":0,\"category_id\":0,\"units\":0,\"date_from\":0,\"time_from\":0,\"time_to\":0}},\"status\":{\"booking\":\"new\"},\"form_token\":null,\"skip_steps\":{\"service_part1\":0,\"service_part2\":0,\"extras\":1,\"time\":0,\"repeat\":1,\"cart\":1},\"errors\":{\"session_error\":\"Session error.\",\"form_id_error\":\"Form ID error.\",\"cart_item_not_available\":\"La hora seleccionada ya no est\\u00e1 disponible. Por favor elije otra ranura de hora.\",\"pay_locally_not_available\":\"Pay locally is not available.\",\"invalid_gateway\":\"Invalid gateway.\",\"payment_error\":\"Error.\",\"incorrect_username_password\":\"Incorrect username or password.\"},\"form_attributes\":{\"hide_categories\":false,\"hide_services\":false,\"hide_staff_members\":true,\"show_number_of_persons\":false,\"hide_service_duration\":true,\"hide_locations\":false,\"hide_quantity\":true,\"hide_date\":false,\"hide_week_days\":false,\"hide_time_range\":false},\"use_client_time_zone\":0,\"defaults\":{\"service_id\":0,\"staff_id\":0,\"location_id\":0,\"category_id\":0},\"datepicker_mode\":\"text-accent\",\"facebook\":{\"enabled\":0,\"appId\":\"\"}} );\n    });\n<\/script><\/div>\n<section class=\"rsv-help\">\n<div class=\"rsv-help-hd\">\n<h3>\u00bfQu\u00e9 puedes hacer ahora?<\/h3>\n<p>Tu reserva ya est\u00e1 confirmada. Aqu\u00ed tienes algunos recursos \u00fatiles para preparar tu sesi\u00f3n o explorar m\u00e1s opciones.<\/p>\n<\/div>\n<div class=\"rsv-help-grid\">\n<div class=\"rsv-card\">\n<div class=\"rsv-card-icon\"><svg viewBox=\"0 0 24 24\" fill=\"none\" stroke=\"currentColor\" stroke-width=\"1.8\" stroke-linecap=\"round\" stroke-linejoin=\"round\" width=\"28\" height=\"28\"><circle cx=\"11\" cy=\"11\" r=\"7\"\/><path d=\"m21 21-4.35-4.35\"\/><path d=\"M11 8v6M8 11h6\"\/><\/svg><\/div>\n<p><span class=\"rsv-label\">Paso 1 \u00b7 Prepara tu dise\u00f1o<\/span><\/p>\n<h4>Eval\u00faa tu dise\u00f1o<\/h4>\n<p>Comprueba si tu idea encaja con el tama\u00f1o elegido, el nivel de detalle y la dificultad antes de venir al taller.<\/p>\n<div class=\"rsv-btns\"><a href=\"\/evaluador\/\" class=\"rsv-btn\">Probar evaluador<\/a><\/div>\n<\/div>\n<div class=\"rsv-card\">\n<div class=\"rsv-card-icon\"><svg viewBox=\"0 0 24 24\" fill=\"none\" stroke=\"currentColor\" stroke-width=\"1.8\" stroke-linecap=\"round\" stroke-linejoin=\"round\" width=\"28\" height=\"28\"><rect x=\"3\" y=\"3\" width=\"18\" height=\"18\" rx=\"2\"\/><circle cx=\"8.5\" cy=\"8.5\" r=\"1.5\"\/><path d=\"m21 15-5-5L5 21\"\/><\/svg><\/div>\n<p><span class=\"rsv-label\">Paso 2 \u00b7 Inspiraci\u00f3n<\/span><\/p>\n<h4>Busca ideas y referencias<\/h4>\n<p>Si todav\u00eda no tienes claro qu\u00e9 dise\u00f1o quieres hacer, mira ejemplos reales y guarda tus favoritos para venir con una idea m\u00e1s clara.<\/p>\n<div class=\"rsv-btns\"><a href=\"https:\/\/www.instagram.com\/tutustudio_es\/\" target=\"_blank\" rel=\"noopener noreferrer\" class=\"rsv-btn\">Instagram<\/a><a href=\"https:\/\/es.pinterest.com\/tutustudio_es\/pins\/\" target=\"_blank\" rel=\"noopener noreferrer\" class=\"rsv-btn rsv-btn-alt\">Pinterest<\/a><\/div>\n<\/div>\n<div class=\"rsv-card\">\n<div class=\"rsv-card-icon\"><svg viewBox=\"0 0 24 24\" fill=\"none\" stroke=\"currentColor\" stroke-width=\"1.8\" stroke-linecap=\"round\" stroke-linejoin=\"round\" width=\"28\" height=\"28\"><path d=\"M20 12v10H4V12\"\/><path d=\"M2 7h20v5H2z\"\/><path d=\"M12 22V7\"\/><path d=\"M12 7H7.5a2.5 2.5 0 0 1 0-5C11 2 12 7 12 7z\"\/><path d=\"M12 7h4.5a2.5 2.5 0 0 0 0-5C13 2 12 7 12 7z\"\/><\/svg><\/div>\n<p><span class=\"rsv-label\">Extra \u00b7 Regalo<\/span><\/p>\n<h4>\u00bfQuieres regalar la experiencia?<\/h4>\n<p>Si te ha gustado la idea, tambi\u00e9n puedes comprar una tarjeta regalo para otra persona.<\/p>\n<div class=\"rsv-btns\"><a href=\"\/tarjeta-de-regalo\/\" class=\"rsv-btn\">Ver tarjeta regalo<\/a><\/div>\n<\/div>\n<\/div>\n<\/section>\n<div class=\"size-ref\">\n<div class=\"size-ref-head\">\n<h3>Tama\u00f1os y precios<\/h3>\n<p>Referencia r\u00e1pida antes de reservar.<\/p>\n<\/div>\n<div class=\"size-row\">\n<div class=\"sc\">\n<div class=\"sc-img\"><img decoding=\"async\" src=\"https:\/\/tutustudio.es\/wp-content\/uploads\/2025\/07\/30x30.jpg\" alt=\"30x30cm\" loading=\"lazy\" title=\"\"><span class=\"sc-price\">35\u20ac<\/span><\/div>\n<div class=\"sc-body\"><strong>30\u00d730<\/strong><\/div>\n<\/div>\n<div class=\"sc rec\">\n<div class=\"sc-img\"><img decoding=\"async\" src=\"https:\/\/tutustudio.es\/wp-content\/uploads\/2025\/07\/50x50.jpg\" alt=\"50x50cm\" loading=\"lazy\" title=\"\"><span class=\"sc-price\">55\u20ac<\/span><span class=\"sc-badge\">Ideal para empezar<\/span><\/div>\n<div class=\"sc-body\"><strong>50\u00d750<\/strong><\/div>\n<\/div>\n<div class=\"sc\">\n<div class=\"sc-img\"><img decoding=\"async\" src=\"https:\/\/tutustudio.es\/wp-content\/uploads\/2025\/07\/70x70.jpg\" alt=\"70x70cm\" loading=\"lazy\" title=\"\"><span class=\"sc-price\">75\u20ac<\/span><\/div>\n<div class=\"sc-body\"><strong>70\u00d770<\/strong><\/div>\n<\/div>\n<div class=\"sc\">\n<div class=\"sc-img\"><img decoding=\"async\" src=\"https:\/\/tutustudio.es\/wp-content\/uploads\/2025\/07\/90x90.jpg\" alt=\"90x90cm\" loading=\"lazy\" title=\"\"><span class=\"sc-price\">93\u20ac<\/span><\/div>\n<div class=\"sc-body\"><strong>90\u00d790<\/strong><\/div>\n<\/div>\n<div class=\"sc\">\n<div class=\"sc-img\"><img decoding=\"async\" src=\"https:\/\/tutustudio.es\/wp-content\/uploads\/2025\/07\/100x130.jpg\" alt=\"100x130cm\" loading=\"lazy\" title=\"\"><span class=\"sc-price\">129\u20ac<\/span><\/div>\n<div class=\"sc-body\"><strong>100\u00d7130<\/strong><\/div>\n<\/div>\n<\/div>\n<\/div>\n<p class=\"closing\">TUTU se encarga del acabado final de tu pieza para que quede cuidada, bien resuelta y lista para acompa\u00f1arte.<\/p>\n<\/div>\n","protected":false},"excerpt":{"rendered":"<p>Reserva tu sesi\u00f3n Ciudad, tama\u00f1o y fecha. Sin experienciaMaterial incluidoAcabado por TUTU \u00bfQu\u00e9 puedes hacer ahora? Tu reserva ya est\u00e1 confirmada. Aqu\u00ed tienes algunos recursos \u00fatiles para preparar tu sesi\u00f3n o explorar m\u00e1s opciones. Paso 1 \u00b7 Prepara tu dise\u00f1o Eval\u00faa tu dise\u00f1o Comprueba si tu idea encaja con el tama\u00f1o elegido, el nivel de [&hellip;]<\/p>\n","protected":false},"author":1,"featured_media":0,"parent":0,"menu_order":0,"comment_status":"closed","ping_status":"closed","template":"template-homepage.php","meta":{"_elementor_css":"","footnotes":""},"class_list":["post-5459","page","type-page","status-publish","hentry"],"_links":{"self":[{"href":"https:\/\/tutustudio.es\/en\/wp-json\/wp\/v2\/pages\/5459","targetHints":{"allow":["GET"]}}],"collection":[{"href":"https:\/\/tutustudio.es\/en\/wp-json\/wp\/v2\/pages"}],"about":[{"href":"https:\/\/tutustudio.es\/en\/wp-json\/wp\/v2\/types\/page"}],"author":[{"embeddable":true,"href":"https:\/\/tutustudio.es\/en\/wp-json\/wp\/v2\/users\/1"}],"replies":[{"embeddable":true,"href":"https:\/\/tutustudio.es\/en\/wp-json\/wp\/v2\/comments?post=5459"}],"version-history":[{"count":11,"href":"https:\/\/tutustudio.es\/en\/wp-json\/wp\/v2\/pages\/5459\/revisions"}],"predecessor-version":[{"id":12811,"href":"https:\/\/tutustudio.es\/en\/wp-json\/wp\/v2\/pages\/5459\/revisions\/12811"}],"wp:attachment":[{"href":"https:\/\/tutustudio.es\/en\/wp-json\/wp\/v2\/media?parent=5459"}],"curies":[{"name":"wp","href":"https:\/\/api.w.org\/{rel}","templated":true}]}}