{"id":266,"date":"2026-04-27T23:05:00","date_gmt":"2026-04-27T21:05:00","guid":{"rendered":"http:\/\/source.wpopal.com\/aunuca\/contact\/"},"modified":"2026-04-28T13:48:53","modified_gmt":"2026-04-28T11:48:53","slug":"contact","status":"publish","type":"page","link":"https:\/\/tutustudio.es\/en\/contact\/","title":{"rendered":"Contact"},"content":{"rendered":"\t\t<div data-elementor-type=\"wp-page\" data-elementor-id=\"266\" class=\"elementor elementor-266\" data-elementor-post-type=\"page\">\n\t\t\t\t<div class=\"elementor-element elementor-element-nav_inject_con e-con-full e-flex e-con e-parent\" data-id=\"nav_inject_con\" data-element_type=\"container\" data-e-type=\"container\">\n\t\t\t\t<div class=\"elementor-element elementor-element-nav_inject_01 elementor-widget elementor-widget-html\" data-id=\"nav_inject_01\" data-element_type=\"widget\" data-e-type=\"widget\" data-widget_type=\"html.default\">\n\t\t\t\t<div class=\"elementor-widget-container\">\n\t\t\t\t\t<header class=\"tutu-header\" style=\"position:fixed;top:0;left:0;width:100%;z-index:99999\">\n<div class=\"tutu-header__inner\" style=\"display:flex;align-items:center;justify-content:space-between;padding:10px 24px\">\n<a class=\"tutu-header__logo\" href=\"\/\"><img decoding=\"async\" src=\"https:\/\/tutustudio.es\/wp-content\/uploads\/2026\/04\/logo_no_background.png\" alt=\"TUTU\" style=\"height:50px;width:auto\" title=\"\"><\/a>\n<nav class=\"tutu-header__nav\">\n<ul class=\"tutu-header__menu\">\n<li><a href=\"https:\/\/tutustudio.es\/\">INICIO<\/a><\/li>\n<li><a href=\"https:\/\/tutustudio.es\/tufting\/\">TUFTING<\/a><\/li>\n<li><a href=\"https:\/\/tutustudio.es\/tarjeta-de-regalo\/\">TARJETA DE REGALO<\/a><\/li>\n<li><a target=\"_blank\" href=\"https:\/\/tutuhome.es\" rel=\"noopener\">TIENDA<\/a><\/li>\n<li><a href=\"https:\/\/tutustudio.es\/about-us\/\">SOBRE TUTU<\/a><\/li>\n<li><a href=\"https:\/\/tutustudio.es\/sigue-en-tutu\/\">SIGUE EN TUTU<\/a><\/li>\n<li><a href=\"https:\/\/tutustudio.es\/contact\/\">CONTACTO<\/a><\/li>\n<\/ul>\n<a href=\"\/reservas\/\" class=\"tutu-header__cta\">RESERVAR AHORA<\/a>\n<\/nav>\n<div class=\"tutu-header__icons\" style=\"display:flex;gap:12px;align-items:center;flex-shrink:0\">\n<a class=\"tutu-header__icon tutu-header__login-icon\" data-dest=\"account\" style=\"color:#2c2a28;display:flex;cursor:pointer\"><svg xmlns=\"http:\/\/www.w3.org\/2000\/svg\" width=\"22\" height=\"22\" viewBox=\"0 0 24 24\" fill=\"none\" stroke=\"currentColor\" stroke-width=\"1.5\"><path d=\"M20 21v-2a4 4 0 0 0-4-4H8a4 4 0 0 0-4 4v2\"><\/path><circle cx=\"12\" cy=\"7\" r=\"4\"><\/circle><\/svg><\/a>\n<button class=\"tutu-header__cart-trigger tutu-header__icon\" aria-label=\"Cart\" style=\"color:#2c2a28;display:flex;background:none;border:none;cursor:pointer\"><svg xmlns=\"http:\/\/www.w3.org\/2000\/svg\" width=\"22\" height=\"22\" viewBox=\"0 0 24 24\" fill=\"none\" stroke=\"currentColor\" stroke-width=\"1.5\"><path d=\"M6 2L3 6v14a2 2 0 002 2h14a2 2 0 002-2V6l-3-4z\"><\/path><line x1=\"3\" y1=\"6\" x2=\"21\" y2=\"6\"><\/line><path d=\"M16 10a4 4 0 01-8 0\"><\/path><\/svg><\/button>\n<\/div>\n<button class=\"tutu-header__hamburger\" aria-label=\"Menu\"><span><\/span><span><\/span><span><\/span><\/button>\n<\/div>\n<\/header>\n<script>document.querySelector('.tutu-header__login-icon').href='\/tutu-' + 'account\/';<\/script>\t\t\t\t<\/div>\n\t\t\t\t<\/div>\n\t\t\t\t<\/div>\n\t\t<div class=\"elementor-element elementor-element-04f2335 e-flex e-con-boxed e-con e-parent\" data-id=\"04f2335\" data-element_type=\"container\" data-e-type=\"container\" data-settings=\"{&quot;background_background&quot;:&quot;classic&quot;}\">\n\t\t\t\t\t<div class=\"e-con-inner\">\n\t\t\t\t<div class=\"elementor-element elementor-element-62bce64 elementor-widget elementor-widget-heading\" data-id=\"62bce64\" data-element_type=\"widget\" data-e-type=\"widget\" data-widget_type=\"heading.default\">\n\t\t\t\t<div class=\"elementor-widget-container\">\n\t\t\t\t\t<h2 class=\"elementor-heading-title elementor-size-default\">Hablemos de tu pr\u00f3xima alfombra<\/h2>\t\t\t\t<\/div>\n\t\t\t\t<\/div>\n\t\t\t\t<div class=\"elementor-element elementor-element-de751f0 elementor-widget elementor-widget-heading\" data-id=\"de751f0\" data-element_type=\"widget\" data-e-type=\"widget\" data-widget_type=\"heading.default\">\n\t\t\t\t<div class=\"elementor-widget-container\">\n\t\t\t\t\t<h2 class=\"elementor-heading-title elementor-size-default\">Te ayudamos a reservar, elegir tu experiencia y resolver cualquier duda antes de venir al estudio.<\/h2>\t\t\t\t<\/div>\n\t\t\t\t<\/div>\n\t\t\t\t\t<\/div>\n\t\t\t\t<\/div>\n\t\t<div class=\"elementor-element elementor-element-f931d4c e-flex e-con-boxed e-con e-parent\" data-id=\"f931d4c\" data-element_type=\"container\" data-e-type=\"container\" data-settings=\"{&quot;background_background&quot;:&quot;classic&quot;}\">\n\t\t\t\t\t<div class=\"e-con-inner\">\n\t\t\t\t\t<\/div>\n\t\t\t\t<\/div>\n\t\t<div class=\"elementor-element elementor-element-02b416a e-flex e-con-boxed e-con e-parent\" data-id=\"02b416a\" data-element_type=\"container\" data-e-type=\"container\">\n\t\t\t\t\t<div class=\"e-con-inner\">\n\t\t\t\t<div class=\"elementor-element elementor-element-909a371 elementor-widget elementor-widget-heading\" data-id=\"909a371\" data-element_type=\"widget\" data-e-type=\"widget\" data-widget_type=\"heading.default\">\n\t\t\t\t<div class=\"elementor-widget-container\">\n\t\t\t\t\t<h2 class=\"elementor-heading-title elementor-size-default\">\u00bfTienes alguna pregunta? \u00a1Cont\u00e1ctanos!<\/h2>\t\t\t\t<\/div>\n\t\t\t\t<\/div>\n\t\t\t\t<div class=\"elementor-element elementor-element-8e9e33e elementor-widget__width-initial elementor-widget elementor-widget-text-editor\" data-id=\"8e9e33e\" data-element_type=\"widget\" data-e-type=\"widget\" data-widget_type=\"text-editor.default\">\n\t\t\t\t<div class=\"elementor-widget-container\">\n\t\t\t\t\t\t\t\t\t<p>TUTU Tufting Studio nace de la pasi\u00f3n por el tufting, una forma de arte que hemos perfeccionado a lo largo de los a\u00f1os. Nuestro equipo est\u00e1 dedicado a crear piezas excepcionales que reflejen la artesan\u00eda y el estilo en cada hilo.<\/p>\t\t\t\t\t\t\t\t<\/div>\n\t\t\t\t<\/div>\n\t\t<div class=\"elementor-element elementor-element-38584ac e-con-full e-flex e-con e-child\" data-id=\"38584ac\" data-element_type=\"container\" data-e-type=\"container\">\n\t\t<div class=\"elementor-element elementor-element-ee1cf4e e-con-full elementor-hidden-desktop e-flex e-con e-child\" data-id=\"ee1cf4e\" data-element_type=\"container\" data-e-type=\"container\" data-settings=\"{&quot;background_background&quot;:&quot;slideshow&quot;,&quot;background_slideshow_gallery&quot;:[{&quot;id&quot;:12614,&quot;url&quot;:&quot;https:\\\/\\\/tutustudio.es\\\/wp-content\\\/uploads\\\/2026\\\/04\\\/892b71a65289ff3db24cf304e86bf6e3-1-scaled-1.jpg&quot;},{&quot;id&quot;:12615,&quot;url&quot;:&quot;https:\\\/\\\/tutustudio.es\\\/wp-content\\\/uploads\\\/2026\\\/04\\\/6efeadb7302e663d2fa6c9e28af42f0d-scaled-1.jpg&quot;},{&quot;id&quot;:12616,&quot;url&quot;:&quot;https:\\\/\\\/tutustudio.es\\\/wp-content\\\/uploads\\\/2026\\\/04\\\/c74132c7a00a8bc17ebbac3b804dfd15-2-scaled-1.jpg&quot;},{&quot;id&quot;:12617,&quot;url&quot;:&quot;https:\\\/\\\/tutustudio.es\\\/wp-content\\\/uploads\\\/2026\\\/04\\\/IMG_2852.jpg&quot;}],&quot;background_slideshow_loop&quot;:&quot;yes&quot;,&quot;background_slideshow_slide_duration&quot;:5000,&quot;background_slideshow_slide_transition&quot;:&quot;fade&quot;,&quot;background_slideshow_transition_duration&quot;:500}\">\n\t\t\t\t<\/div>\n\t\t<div class=\"elementor-element elementor-element-0ab77ed e-con-full e-flex e-con e-child\" data-id=\"0ab77ed\" data-element_type=\"container\" data-e-type=\"container\">\n\t\t\t\t<div class=\"elementor-element elementor-element-5a08f30 elementor-position-left elementor-view-stacked elementor-shape-square elementor-tablet-position-top elementor-widget__width-initial icon-box-style-default elementor-mobile-position-top elementor-vertical-align-top elementor-widget elementor-widget-aunuca-icon-box\" data-id=\"5a08f30\" data-element_type=\"widget\" data-e-type=\"widget\" data-widget_type=\"aunuca-icon-box.default\">\n\t\t\t\t<div class=\"elementor-widget-container\">\n\t\t\t\t\t        <div class=\"elementor-icon-box-wrapper\">\n                    <div class=\"elementor-icon-box-icon\">\n            <span class=\"elementor-icon elementor-animation-\" >\n            <svg xmlns=\"http:\/\/www.w3.org\/2000\/svg\" viewBox=\"0 0 24 24\"><g fill=\"none\" class=\"nc-icon-wrapper\"><path d=\"M21 3a1 1 0 0 1 1 1v16.007a1 1 0 0 1-.992.993H2.992A.993.993 0 0 1 2 20.007V19h18V7.3l-8 7.2-10-9V4a1 1 0 0 1 1-1h18zM8 15v2H0v-2h8zm-3-5v2H0v-2h5zm14.566-5H4.434L12 11.81 19.566 5z\" fill=\"currentColor\"><\/path><\/g><\/svg>            <\/span>\n            <\/div>\n                <div class=\"elementor-icon-box-content\">\n        <div class=\"title-content\">\n                <h4 class=\"elementor-icon-box-title\">\n        <span   >\n        Contacto        <\/span>\n        <\/h4>\n                            <p class=\"elementor-icon-box-description\">\n                Ll\u00e1manos: <a href=\"tel:+34 622211929\" style=\"color: #FF7991; font-weight:600\"> +34 622211929<\/a>            <\/p>\n        \n                    <p class=\"elementor-icon-box-description elementor-icon-box-description-2\">\n                Email: <a href=\"mailto:info@tutustudio.es\">info@tutustudio.es<\/a>            <\/p>\n                <\/div>\n        <\/div>\n        <\/div>\n        \t\t\t\t<\/div>\n\t\t\t\t<\/div>\n\t\t\t\t<div class=\"elementor-element elementor-element-7eb01a9 elementor-position-left elementor-view-stacked elementor-shape-square elementor-widget__width-initial elementor-tablet-position-top icon-box-style-default elementor-mobile-position-top elementor-vertical-align-top elementor-widget elementor-widget-aunuca-icon-box\" data-id=\"7eb01a9\" data-element_type=\"widget\" data-e-type=\"widget\" data-widget_type=\"aunuca-icon-box.default\">\n\t\t\t\t<div class=\"elementor-widget-container\">\n\t\t\t\t\t        <div class=\"elementor-icon-box-wrapper\">\n                    <div class=\"elementor-icon-box-icon\">\n            <span class=\"elementor-icon elementor-animation-\" >\n            <svg xmlns=\"http:\/\/www.w3.org\/2000\/svg\" viewBox=\"0 0 24 24\"><g fill=\"none\" class=\"nc-icon-wrapper\"><path d=\"M12 22C6.477 22 2 17.523 2 12S6.477 2 12 2s10 4.477 10 10-4.477 10-10 10zm0-2a8 8 0 1 0 0-16 8 8 0 0 0 0 16zm1-8h4v2h-6V7h2v5z\" fill=\"currentColor\"><\/path><\/g><\/svg>            <\/span>\n            <\/div>\n                <div class=\"elementor-icon-box-content\">\n        <div class=\"title-content\">\n                <h4 class=\"elementor-icon-box-title\">\n        <span   >\n        Horario        <\/span>\n        <\/h4>\n                            <p class=\"elementor-icon-box-description\">\n                Viernes a Mi\u00e9rcoles: 11:30 - 21:00\n            <\/p>\n        \n                    <p class=\"elementor-icon-box-description elementor-icon-box-description-2\">\n                11:30 - 21:00            <\/p>\n                <\/div>\n        <\/div>\n        <\/div>\n        \t\t\t\t<\/div>\n\t\t\t\t<\/div>\n\t\t\t\t<div class=\"elementor-element elementor-element-6676f78 elementor-position-left elementor-view-stacked elementor-shape-square elementor-widget__width-initial elementor-tablet-position-top icon-box-style-default elementor-mobile-position-top elementor-vertical-align-top elementor-widget elementor-widget-aunuca-icon-box\" data-id=\"6676f78\" data-element_type=\"widget\" data-e-type=\"widget\" data-widget_type=\"aunuca-icon-box.default\">\n\t\t\t\t<div class=\"elementor-widget-container\">\n\t\t\t\t\t        <div class=\"elementor-icon-box-wrapper\">\n                    <div class=\"elementor-icon-box-icon\">\n            <a class=\"elementor-icon elementor-animation-\" href=\"https:\/\/maps.app.goo.gl\/sPnLiGxrNubk2fmV7\" target=\"_blank\" rel=\"noopener\">\n            <svg xmlns=\"http:\/\/www.w3.org\/2000\/svg\" viewBox=\"0 0 24 24\"><g fill=\"none\" class=\"nc-icon-wrapper\"><path d=\"M12 23.728l-6.364-6.364a9 9 0 1 1 12.728 0L12 23.728zm4.95-7.778a7 7 0 1 0-9.9 0L12 20.9l4.95-4.95zM12 13a2 2 0 1 1 0-4 2 2 0 0 1 0 4z\" fill=\"currentColor\"><\/path><\/g><\/svg>            <\/a>\n            <\/div>\n                <div class=\"elementor-icon-box-content\">\n        <div class=\"title-content\">\n                <h4 class=\"elementor-icon-box-title\">\n        <a href=\"https:\/\/maps.app.goo.gl\/sPnLiGxrNubk2fmV7\" target=\"_blank\" rel=\"noopener\">\n        Nuestra Tienda        <\/a>\n        <\/h4>\n                            <p class=\"elementor-icon-box-description\">\n                C\/ de la Diputaci\u00f3, 341, L'Eixample, 08009 Barcelona            <\/p>\n        \n                <\/div>\n        <\/div>\n        <\/div>\n        \t\t\t\t<\/div>\n\t\t\t\t<\/div>\n\t\t\t\t<\/div>\n\t\t<div class=\"elementor-element elementor-element-f91feb4 e-con-full elementor-hidden-mobile e-flex e-con e-child\" data-id=\"f91feb4\" data-element_type=\"container\" data-e-type=\"container\" data-settings=\"{&quot;background_background&quot;:&quot;slideshow&quot;,&quot;background_slideshow_gallery&quot;:[{&quot;id&quot;:12614,&quot;url&quot;:&quot;https:\\\/\\\/tutustudio.es\\\/wp-content\\\/uploads\\\/2026\\\/04\\\/892b71a65289ff3db24cf304e86bf6e3-1-scaled-1.jpg&quot;},{&quot;id&quot;:12615,&quot;url&quot;:&quot;https:\\\/\\\/tutustudio.es\\\/wp-content\\\/uploads\\\/2026\\\/04\\\/6efeadb7302e663d2fa6c9e28af42f0d-scaled-1.jpg&quot;},{&quot;id&quot;:12616,&quot;url&quot;:&quot;https:\\\/\\\/tutustudio.es\\\/wp-content\\\/uploads\\\/2026\\\/04\\\/c74132c7a00a8bc17ebbac3b804dfd15-2-scaled-1.jpg&quot;},{&quot;id&quot;:12617,&quot;url&quot;:&quot;https:\\\/\\\/tutustudio.es\\\/wp-content\\\/uploads\\\/2026\\\/04\\\/IMG_2852.jpg&quot;}],&quot;background_slideshow_loop&quot;:&quot;yes&quot;,&quot;background_slideshow_slide_duration&quot;:5000,&quot;background_slideshow_slide_transition&quot;:&quot;fade&quot;,&quot;background_slideshow_transition_duration&quot;:500}\">\n\t\t\t\t<\/div>\n\t\t\t\t<\/div>\n\t\t\t\t\t<\/div>\n\t\t\t\t<\/div>\n\t\t<div class=\"elementor-element elementor-element-facdfff e-flex e-con-boxed e-con e-parent\" data-id=\"facdfff\" data-element_type=\"container\" data-e-type=\"container\" data-settings=\"{&quot;background_background&quot;:&quot;classic&quot;}\">\n\t\t\t\t\t<div class=\"e-con-inner\">\n\t\t\t\t\t<\/div>\n\t\t\t\t<\/div>\n\t\t<div class=\"elementor-element elementor-element-48652e3 e-flex e-con-boxed e-con e-parent\" data-id=\"48652e3\" data-element_type=\"container\" data-e-type=\"container\" data-settings=\"{&quot;background_background&quot;:&quot;classic&quot;}\">\n\t\t\t\t\t<div class=\"e-con-inner\">\n\t\t<div class=\"elementor-element elementor-element-e5258c8 e-con-full e-flex e-con e-child\" data-id=\"e5258c8\" data-element_type=\"container\" data-e-type=\"container\">\n\t\t\t\t<div class=\"elementor-element elementor-element-a592d14 elementor-widget elementor-widget-heading\" data-id=\"a592d14\" data-element_type=\"widget\" data-e-type=\"widget\" data-widget_type=\"heading.default\">\n\t\t\t\t<div class=\"elementor-widget-container\">\n\t\t\t\t\t<h2 class=\"elementor-heading-title elementor-size-default\">Ponte en contacto<\/h2>\t\t\t\t<\/div>\n\t\t\t\t<\/div>\n\t\t\t\t<div class=\"elementor-element elementor-element-4c19cc1 elementor-widget elementor-widget-text-editor\" data-id=\"4c19cc1\" data-element_type=\"widget\" data-e-type=\"widget\" data-widget_type=\"text-editor.default\">\n\t\t\t\t<div class=\"elementor-widget-container\">\n\t\t\t\t\t\t\t\t\t<p>Su direcci\u00f3n de correo electr\u00f3nico no ser\u00e1 publicada. Los campos obligatorios est\u00e1n marcados con *.<\/p>\t\t\t\t\t\t\t\t<\/div>\n\t\t\t\t<\/div>\n\t\t\t\t<div class=\"elementor-element elementor-element-bd9fee8 elementor-widget elementor-widget-aunuca-contactform\" data-id=\"bd9fee8\" data-element_type=\"widget\" data-e-type=\"widget\" data-widget_type=\"aunuca-contactform.default\">\n\t\t\t\t<div class=\"elementor-widget-container\">\n\t\t\t\t\t\n<div class=\"wpcf7 no-js\" id=\"wpcf7-f13-o1\" lang=\"en-US\" dir=\"ltr\" data-wpcf7-id=\"13\">\n<div class=\"screen-reader-response\"><p role=\"status\" aria-live=\"polite\" aria-atomic=\"true\"><\/p> <ul><\/ul><\/div>\n<form action=\"\/en\/wp-json\/wp\/v2\/pages\/266#wpcf7-f13-o1\" method=\"post\" class=\"wpcf7-form init\" aria-label=\"Contact form\" novalidate=\"novalidate\" data-status=\"init\">\n<fieldset class=\"hidden-fields-container\"><input type=\"hidden\" name=\"_wpcf7\" value=\"13\" \/><input type=\"hidden\" name=\"_wpcf7_version\" value=\"6.1.5\" \/><input type=\"hidden\" name=\"_wpcf7_locale\" value=\"en_US\" \/><input type=\"hidden\" name=\"_wpcf7_unit_tag\" value=\"wpcf7-f13-o1\" \/><input type=\"hidden\" name=\"_wpcf7_container_post\" value=\"0\" \/><input type=\"hidden\" name=\"_wpcf7_posted_data_hash\" value=\"\" \/>\n<\/fieldset>\n<div class=\"row row-form\">\n\t<div class=\"column-tablet-12 column-12\">\n\t\t<p><span class=\"wpcf7-form-control-wrap\" data-name=\"your-name\"><input size=\"40\" maxlength=\"400\" class=\"wpcf7-form-control wpcf7-text wpcf7-validates-as-required\" autocomplete=\"name\" aria-required=\"true\" aria-invalid=\"false\" placeholder=\"Tu nombre *\" value=\"\" type=\"text\" name=\"your-name\" \/><\/span>\n\t\t<\/p>\n\t<\/div>\n\t<div class=\"column-tablet-12 column-12\">\n\t\t<p><span class=\"wpcf7-form-control-wrap\" data-name=\"your-email\"><input size=\"40\" maxlength=\"400\" class=\"wpcf7-form-control wpcf7-email wpcf7-validates-as-required wpcf7-text wpcf7-validates-as-email\" autocomplete=\"email\" aria-required=\"true\" aria-invalid=\"false\" placeholder=\"Correo electr\u00f3nico *\" value=\"\" type=\"email\" name=\"your-email\" \/><\/span>\n\t\t<\/p>\n\t<\/div>\n\t<div class=\"column-tablet-12 column-12\">\n\t\t<p><span class=\"wpcf7-form-control-wrap\" data-name=\"your-subject\"><input size=\"40\" maxlength=\"400\" class=\"wpcf7-form-control wpcf7-text wpcf7-validates-as-required\" autocomplete=\"subject\" aria-required=\"true\" aria-invalid=\"false\" placeholder=\"Asunto\" value=\"\" type=\"text\" name=\"your-subject\" \/><\/span>\n\t\t<\/p>\n\t<\/div>\n\t<div class=\"column-tablet-12 column-12\">\n\t\t<p><span class=\"wpcf7-form-control-wrap\" data-name=\"your-message\"><textarea cols=\"40\" rows=\"5\" maxlength=\"2000\" class=\"wpcf7-form-control wpcf7-textarea wpcf7-validates-as-required\" aria-required=\"true\" aria-invalid=\"false\" placeholder=\"Tu mensaje *\" name=\"your-message\"><\/textarea><\/span>\n\t\t<\/p>\n\t<\/div>\n\t<div class=\"column-tablet-12 column-12 button-submit\">\n\t\t<p><button type=\"submit\" value=\"Submit\" class=\"bg-effect\"><span class=\"button-text\">Enviar mensaje<\/span><i class=\"aunuca-icon-long-arrow-right\"><\/i><\/button>\n\t\t<\/p>\n\t<\/div>\n<\/div><div class=\"wpcf7-response-output\" aria-hidden=\"true\"><\/div>\n<\/form>\n<\/div>\n\t\t\t\t<\/div>\n\t\t\t\t<\/div>\n\t\t\t\t<\/div>\n\t\t<div class=\"elementor-element elementor-element-1d7be6d e-con-full e-flex e-con e-child\" data-id=\"1d7be6d\" data-element_type=\"container\" data-e-type=\"container\">\n\t\t\t\t<div class=\"elementor-element elementor-element-12739c9 elementor-hidden-tablet elementor-hidden-mobile elementor-widget elementor-widget-image\" data-id=\"12739c9\" data-element_type=\"widget\" data-e-type=\"widget\" data-settings=\"{&quot;sticky&quot;:&quot;top&quot;,&quot;sticky_on&quot;:[&quot;tablet_extra&quot;,&quot;tablet&quot;],&quot;sticky_parent&quot;:&quot;yes&quot;,&quot;sticky_offset&quot;:0,&quot;sticky_effects_offset&quot;:0,&quot;sticky_anchor_link_offset&quot;:0}\" data-widget_type=\"image.default\">\n\t\t\t\t<div class=\"elementor-widget-container\">\n\t\t\t\t\t\t\t\t\t\t\t\t\t\t\t<img fetchpriority=\"high\" decoding=\"async\" width=\"683\" height=\"1024\" src=\"https:\/\/tutustudio.es\/wp-content\/uploads\/2026\/04\/DSCF6546-1-3-scaled-1-683x1024.jpg\" class=\"attachment-large size-large wp-image-12625\" alt=\"Grupo disfrutando del taller de tufting en TUTU Studio Barcelona\" srcset=\"https:\/\/tutustudio.es\/wp-content\/uploads\/2026\/04\/DSCF6546-1-3-scaled-1-683x1024.jpg 683w, https:\/\/tutustudio.es\/wp-content\/uploads\/2026\/04\/DSCF6546-1-3-scaled-1-200x300.jpg 200w, https:\/\/tutustudio.es\/wp-content\/uploads\/2026\/04\/DSCF6546-1-3-scaled-1-768x1152.jpg 768w, https:\/\/tutustudio.es\/wp-content\/uploads\/2026\/04\/DSCF6546-1-3-scaled-1-1024x1536.jpg 1024w, https:\/\/tutustudio.es\/wp-content\/uploads\/2026\/04\/DSCF6546-1-3-scaled-1-1366x2048.jpg 1366w, https:\/\/tutustudio.es\/wp-content\/uploads\/2026\/04\/DSCF6546-1-3-scaled-1-600x900.jpg 600w, https:\/\/tutustudio.es\/wp-content\/uploads\/2026\/04\/DSCF6546-1-3-scaled-1.jpg 1707w\" sizes=\"(max-width: 683px) 100vw, 683px\" title=\"\">\t\t\t\t\t\t\t\t\t\t\t\t\t\t\t<\/div>\n\t\t\t\t<\/div>\n\t\t\t\t<\/div>\n\t\t\t\t\t<\/div>\n\t\t\t\t<\/div>\n\t\t<div class=\"elementor-element elementor-element-b4ca47b e-flex e-con-boxed e-con e-parent\" data-id=\"b4ca47b\" data-element_type=\"container\" data-e-type=\"container\">\n\t\t\t\t\t<div class=\"e-con-inner\">\n\t\t\t\t\t<\/div>\n\t\t\t\t<\/div>\n\t\t\t\t<\/div>\n\t\t","protected":false},"excerpt":{"rendered":"<p>INICIO TUFTING TARJETA DE REGALO TIENDA SOBRE TUTU SIGUE EN TUTU CONTACTO RESERVAR AHORA Hablemos de tu pr\u00f3xima alfombra Te ayudamos a reservar, elegir tu experiencia y resolver cualquier duda antes de venir al estudio. \u00bfTienes alguna pregunta? \u00a1Cont\u00e1ctanos! TUTU Tufting Studio nace de la pasi\u00f3n por el tufting, una forma de arte que hemos [&hellip;]<\/p>\n","protected":false},"author":1,"featured_media":0,"parent":0,"menu_order":0,"comment_status":"closed","ping_status":"closed","template":"template-homepage.php","meta":{"_elementor_css":null,"footnotes":""},"class_list":["post-266","page","type-page","status-publish","hentry"],"_links":{"self":[{"href":"https:\/\/tutustudio.es\/en\/wp-json\/wp\/v2\/pages\/266","targetHints":{"allow":["GET"]}}],"collection":[{"href":"https:\/\/tutustudio.es\/en\/wp-json\/wp\/v2\/pages"}],"about":[{"href":"https:\/\/tutustudio.es\/en\/wp-json\/wp\/v2\/types\/page"}],"author":[{"embeddable":true,"href":"https:\/\/tutustudio.es\/en\/wp-json\/wp\/v2\/users\/1"}],"replies":[{"embeddable":true,"href":"https:\/\/tutustudio.es\/en\/wp-json\/wp\/v2\/comments?post=266"}],"version-history":[{"count":10,"href":"https:\/\/tutustudio.es\/en\/wp-json\/wp\/v2\/pages\/266\/revisions"}],"predecessor-version":[{"id":12975,"href":"https:\/\/tutustudio.es\/en\/wp-json\/wp\/v2\/pages\/266\/revisions\/12975"}],"wp:attachment":[{"href":"https:\/\/tutustudio.es\/en\/wp-json\/wp\/v2\/media?parent=266"}],"curies":[{"name":"wp","href":"https:\/\/api.w.org\/{rel}","templated":true}]}}